{"id":10197,"date":"2021-03-09T14:38:12","date_gmt":"2021-03-09T12:38:12","guid":{"rendered":"https:\/\/txertoa.eus\/cookie-politika\/"},"modified":"2025-12-01T12:39:01","modified_gmt":"2025-12-01T10:39:01","slug":"politica-de-cookies","status":"publish","type":"page","link":"https:\/\/txertoa.eus\/es\/politica-de-cookies\/","title":{"rendered":"Pol\u00edtica de Cookies"},"content":{"rendered":"\n<p id=\"block-f437eccc-09ca-4f96-8908-5d42812938cf\">Este sitio web utiliza cookies para mejorar su experiencia mientras navega por el sitio web. Fuera de estas cookies, las cookies que se clasifican como necesarias se almacenan en su navegador, ya que son esenciales para el funcionamiento de las funcionalidades b\u00e1sicas del sitio web. Tambi\u00e9n utilizamos cookies de terceros que nos ayudan a analizar y comprender c\u00f3mo utiliza este sitio web. Estas cookies se almacenar\u00e1n en su navegador solo con su consentimiento. Tambi\u00e9n tiene la opci\u00f3n de optar por no recibir estas cookies. Pero la exclusi\u00f3n voluntaria de algunas de estas cookies puede afectar su experiencia de navegaci\u00f3n.<\/p>\n\n\n\n<h3 class=\"wp-block-heading\">Las cookies que utilizamos en nuestra web<\/h3>\n\n\n\n<p>Utilizamos estas cookies:<\/p>\n\n\n<p>[wcc_category_list]<\/p>\n\n\n\n<p id=\"block-cc7b7d53-8491-440c-8375-a97e7a885164\"><strong>Administrar preferencias de cookies<\/strong><\/p>\n\n\n\n<p id=\"block-cc7b7d53-8491-440c-8375-a97e7a885164\">Puede cambiar sus preferencias de cookies en cualquier momento haciendo clic en el bot\u00f3n [wcc_preference_button]. Esto le permitir\u00e1 volver a ver el indicador de consentimiento de cookies y cambiar sus preferencias o retirar el consentimiento inmediatamente. Adem\u00e1s, cada navegador ofrece diferentes m\u00e9todos para bloquear y eliminar las cookies utilizadas por los sitios web. Puede cambiar la configuraci\u00f3n de su navegador para bloquear o eliminar las cookies. A continuaci\u00f3n, encontrar\u00e1 enlaces a documentos de soporte que explican c\u00f3mo administrar y eliminar las cookies de los principales navegadores web.<\/p>\n\n\n\n<p id=\"block-cc7b7d53-8491-440c-8375-a97e7a885164\">Chrome:&nbsp;<a href=\"https:\/\/support.google.com\/accounts\/answer\/32050\" target=\"_blank\" rel=\"noreferrer noopener\">https:\/\/support.google.com\/accounts\/answer\/32050<\/a><br>Safari:&nbsp;<a href=\"https:\/\/support.apple.com\/en-in\/guide\/safari\/sfri11471\/mac\" target=\"_blank\" rel=\"noreferrer noopener\">https:\/\/support.apple.com\/en-in\/guide\/safari\/sfri11471\/mac<\/a><br>Firefox:&nbsp;<a href=\"https:\/\/support.mozilla.org\/en-US\/kb\/clear-cookies-and-site-data-firefox?redirectslug=delete-cookies-remove-info-websites-stored&amp;redirectlocale=en-US\" target=\"_blank\" rel=\"noreferrer noopener\">https:\/\/support.mozilla.org\/en-US\/kb\/clear-cookies-and-site-data-firefox?redirectslug=delete-cookies-remove-info-websites-stored&amp;redirectlocale=en-US<\/a><br>Microsoft Edge:&nbsp;<a href=\"https:\/\/support.microsoft.com\/en-us\/microsoft-edge\/delete-cookies-in-microsoft-edge-63947406-40ac-c3b8-57b9-2a946a29ae09\" target=\"_blank\" rel=\"noreferrer noopener\">Delete cookies in Microsoft Edge &#8211; Microsoft Support<\/a><\/p>\n","protected":false},"excerpt":{"rendered":"<p>Este sitio web utiliza cookies para mejorar su experiencia mientras navega por el sitio web. Fuera de estas cookies, las cookies que se clasifican como necesarias se almacenan en su navegador, ya que son esenciales para el funcionamiento de las funcionalidades b\u00e1sicas del sitio web. Tambi\u00e9n utilizamos cookies de terceros que nos ayudan a analizar [&hellip;]<\/p>\n","protected":false},"author":1,"featured_media":0,"parent":0,"menu_order":0,"comment_status":"closed","ping_status":"closed","template":"","meta":{"footnotes":""},"class_list":["post-10197","page","type-page","status-publish","hentry"],"acf":[],"_links":{"self":[{"href":"https:\/\/txertoa.eus\/es\/wp-json\/wp\/v2\/pages\/10197","targetHints":{"allow":["GET"]}}],"collection":[{"href":"https:\/\/txertoa.eus\/es\/wp-json\/wp\/v2\/pages"}],"about":[{"href":"https:\/\/txertoa.eus\/es\/wp-json\/wp\/v2\/types\/page"}],"author":[{"embeddable":true,"href":"https:\/\/txertoa.eus\/es\/wp-json\/wp\/v2\/users\/1"}],"replies":[{"embeddable":true,"href":"https:\/\/txertoa.eus\/es\/wp-json\/wp\/v2\/comments?post=10197"}],"version-history":[{"count":6,"href":"https:\/\/txertoa.eus\/es\/wp-json\/wp\/v2\/pages\/10197\/revisions"}],"predecessor-version":[{"id":10564,"href":"https:\/\/txertoa.eus\/es\/wp-json\/wp\/v2\/pages\/10197\/revisions\/10564"}],"wp:attachment":[{"href":"https:\/\/txertoa.eus\/es\/wp-json\/wp\/v2\/media?parent=10197"}],"curies":[{"name":"wp","href":"https:\/\/api.w.org\/{rel}","templated":true}]}}